{"id":113,"date":"2014-07-29T21:33:54","date_gmt":"2014-07-29T19:33:54","guid":{"rendered":"http:\/\/diestiege.wordpress.com\/?page_id=113"},"modified":"2014-07-29T21:33:54","modified_gmt":"2014-07-29T19:33:54","slug":"anfahrt-kontakt","status":"publish","type":"page","link":"https:\/\/diestiege.de\/?page_id=113","title":{"rendered":"Anfahrt"},"content":{"rendered":"<p><strong>Mit dem Auto:<\/strong><\/p>\n<p>Bis zum Kettwiger Marktplatz (Adresse f\u00fcr Navi: Hauptstrasse 81), dort gen\u00fcgend Parkpl\u00e4tze, Fu\u00dfweg von dort aus ca. 3 Minuten.<\/p>\n<p><strong>Mit Bus &amp; Bahn:<\/strong><\/p>\n<p>Aus D\u00fcsseldorf oder Essen kommend mit der S6 bis nach Kettwig S Bahnhof, von da aus mit der Buslinie 142 mit zur Haltestelle &#8222;B\u00fcrgermeister-Fiedler-Platz&#8220;, von da aus ca. 5 Minuten Fussweg.<\/p>\n<p>Aus R\u00fcttenscheid oder Bredeney kommend mit der Buslinie 142 bis zur Haltestelle &#8222;Kettwiger Markt&#8220;, von da aus ca. 7 Minuten Fu\u00dfweg.<\/p>\n<p>Aus M\u00fclheim kommend mit der Buslinie 151 bis zur Haltestelle &#8222;Kettwiger Markt&#8220;, von da aus ca. 7 Minuten Fu\u00dfweg.<\/p>\n<p><strong>Mit dem Schiff:<\/strong><\/p>\n<p>Die Wei\u00dfe Flotte Baldeney und M\u00fclheim fahren Kettwig an. Informationen und Fahrpl\u00e4ne unter www.baldeneysee.com .<\/p>\n<p>&nbsp;<\/p>\n","protected":false},"excerpt":{"rendered":"<p>Mit dem Auto: Bis zum Kettwiger Marktplatz (Adresse f\u00fcr Navi: Hauptstrasse 81), dort gen\u00fcgend Parkpl\u00e4tze, Fu\u00dfweg von dort aus ca. 3 Minuten. Mit Bus &amp; Bahn: Aus D\u00fcsseldorf oder Essen kommend mit der S6 bis nach Kettwig S Bahnhof, von<\/p>\n","protected":false},"author":1,"featured_media":0,"parent":0,"menu_order":0,"comment_status":"open","ping_status":"open","template":"","meta":{"footnotes":""},"class_list":["post-113","page","type-page","status-publish","hentry"],"_links":{"self":[{"href":"https:\/\/diestiege.de\/index.php?rest_route=\/wp\/v2\/pages\/113","targetHints":{"allow":["GET"]}}],"collection":[{"href":"https:\/\/diestiege.de\/index.php?rest_route=\/wp\/v2\/pages"}],"about":[{"href":"https:\/\/diestiege.de\/index.php?rest_route=\/wp\/v2\/types\/page"}],"author":[{"embeddable":true,"href":"https:\/\/diestiege.de\/index.php?rest_route=\/wp\/v2\/users\/1"}],"replies":[{"embeddable":true,"href":"https:\/\/diestiege.de\/index.php?rest_route=%2Fwp%2Fv2%2Fcomments&post=113"}],"version-history":[{"count":0,"href":"https:\/\/diestiege.de\/index.php?rest_route=\/wp\/v2\/pages\/113\/revisions"}],"wp:attachment":[{"href":"https:\/\/diestiege.de\/index.php?rest_route=%2Fwp%2Fv2%2Fmedia&parent=113"}],"curies":[{"name":"wp","href":"https:\/\/api.w.org\/{rel}","templated":true}]}}