{"id":6,"date":"2014-07-09T20:44:04","date_gmt":"2014-07-09T18:44:04","guid":{"rendered":"http:\/\/diestiege.wordpress.com\/?page_id=1"},"modified":"2026-04-01T13:00:20","modified_gmt":"2026-04-01T13:00:20","slug":"eine-seite","status":"publish","type":"page","link":"https:\/\/diestiege.de\/","title":{"rendered":"Willkommen &#8230;"},"content":{"rendered":"\n<h3 class=\"wp-block-heading\">\u00d6ffnungszeiten:<\/h3>\n\n\n\n<h4 class=\"wp-block-heading\">Montag bis Sonntag 12.00 Uhr bis 22.00 Uhr<\/h4>\n\n\n\n<h4 class=\"wp-block-heading\">warme K\u00fcche bis eine Stunde vor Ende<\/h4>\n\n\n\n<hr class=\"wp-block-separator has-alpha-channel-opacity\"\/>\n\n\n\n<h3 class=\"wp-block-heading\"><strong>Willkommen &#8230;<\/strong><\/h3>\n\n\n\n<p>&#8230; in Kettwigs Kult-Gastronomie &#8230; Herzlich Willkommen in der Stiege! Tauchen Sie einen Moment ab, genie\u00dfen den Ausblick, lassen sich verw\u00f6hnen. T\u00e4glich ab 12 Uhr sind wir f\u00fcr unsere G\u00e4ste da.<\/p>\n\n\n\n<p>Hier ist f\u00fcr jeden Geschmack etwas dabei: Kaffee und Kuchen, leckeres Essen, Getr\u00e4nke, Cocktails und mehr &#8230; Auch lohnt sich immer ein Blick auf unsere Sonderkarte mit leckeren aktuellen Highlights aus der K\u00fcche. Diese finden Sie auch immer aktuell auf dieser Homepage.<\/p>\n\n\n\n<p>Im Sommer hat au\u00dferdem unser ger\u00e4umiger Biergarten f\u00fcr Sie ge\u00f6ffnet, der einen herrlichen Ausblick auf das Ruhrtal bietet. Rund um die Stiege bietet der historische Altstadtkern von Kettwig ein traumhaftes Ambiente.<\/p>\n\n\n\n<p>Wir freuen uns auf Ihren Besuch. Gerne nehmen wir auch Ihre Reservierung entgegen!<\/p>\n\n\n\n<p>Das Stiege Team<\/p>\n\n\n\n<p><strong>Bitte beachten Sie, dass wir keine Kartenzahlung anbieten.<\/strong><\/p>\n\n\n\n<figure class=\"wp-block-image size-large\"><img loading=\"lazy\" decoding=\"async\" width=\"1024\" height=\"680\" src=\"https:\/\/diestiege.de\/wp-content\/uploads\/2020\/10\/Kettwig-Stiege-1024x680.jpg\" alt=\"\" class=\"wp-image-589\" srcset=\"https:\/\/diestiege.de\/wp-content\/uploads\/2020\/10\/Kettwig-Stiege-1024x680.jpg 1024w, https:\/\/diestiege.de\/wp-content\/uploads\/2020\/10\/Kettwig-Stiege-300x199.jpg 300w, https:\/\/diestiege.de\/wp-content\/uploads\/2020\/10\/Kettwig-Stiege-768x510.jpg 768w, https:\/\/diestiege.de\/wp-content\/uploads\/2020\/10\/Kettwig-Stiege-1536x1020.jpg 1536w, https:\/\/diestiege.de\/wp-content\/uploads\/2020\/10\/Kettwig-Stiege-2048x1360.jpg 2048w\" sizes=\"auto, (max-width: 1024px) 100vw, 1024px\" \/><\/figure>\n\n\n\n<p><\/p>\n","protected":false},"excerpt":{"rendered":"<p>\u00d6ffnungszeiten: Montag bis Sonntag 12.00 Uhr bis 22.00 Uhr warme K\u00fcche bis eine Stunde vor Ende Willkommen &#8230; &#8230; in Kettwigs Kult-Gastronomie &#8230; Herzlich Willkommen in der Stiege! Tauchen Sie einen Moment ab, genie\u00dfen den Ausblick, lassen sich verw\u00f6hnen. T\u00e4glich<\/p>\n","protected":false},"author":1,"featured_media":0,"parent":0,"menu_order":0,"comment_status":"closed","ping_status":"open","template":"","meta":{"footnotes":""},"class_list":["post-6","page","type-page","status-publish","hentry"],"_links":{"self":[{"href":"https:\/\/diestiege.de\/index.php?rest_route=\/wp\/v2\/pages\/6","targetHints":{"allow":["GET"]}}],"collection":[{"href":"https:\/\/diestiege.de\/index.php?rest_route=\/wp\/v2\/pages"}],"about":[{"href":"https:\/\/diestiege.de\/index.php?rest_route=\/wp\/v2\/types\/page"}],"author":[{"embeddable":true,"href":"https:\/\/diestiege.de\/index.php?rest_route=\/wp\/v2\/users\/1"}],"replies":[{"embeddable":true,"href":"https:\/\/diestiege.de\/index.php?rest_route=%2Fwp%2Fv2%2Fcomments&post=6"}],"version-history":[{"count":64,"href":"https:\/\/diestiege.de\/index.php?rest_route=\/wp\/v2\/pages\/6\/revisions"}],"predecessor-version":[{"id":1118,"href":"https:\/\/diestiege.de\/index.php?rest_route=\/wp\/v2\/pages\/6\/revisions\/1118"}],"wp:attachment":[{"href":"https:\/\/diestiege.de\/index.php?rest_route=%2Fwp%2Fv2%2Fmedia&parent=6"}],"curies":[{"name":"wp","href":"https:\/\/api.w.org\/{rel}","templated":true}]}}